{"id":18208,"date":"2019-01-16T11:04:51","date_gmt":"2019-01-16T10:04:51","guid":{"rendered":"http:\/\/www.uduma.net\/?page_id=18208"},"modified":"2019-01-16T11:08:25","modified_gmt":"2019-01-16T10:08:25","slug":"legal-notices-uduma-website","status":"publish","type":"page","link":"https:\/\/www.uduma.net\/en\/legal-notices-uduma-website\/","title":{"rendered":"Legal notice, UDUMA website"},"content":{"rendered":"<div class=\"wpb-content-wrapper\"><p>[vc_row css=&#8221;.vc_custom_1462981332167{margin-bottom: 80px !important;}&#8221;][vc_column][vc_custom_heading text=&#8221;Legal notice UDUMA&#8221; font_container=&#8221;tag:h1|text_align:left|color:%23009036&#8243; google_fonts=&#8221;font_family:Michroma%3Aregular|font_style:400%20regular%3A400%3Anormal&#8221; css=&#8221;.vc_custom_1547632878226{margin-top: 36px !important;margin-bottom: 36px !important;}&#8221;][vc_column_text]<\/p>\n<h3>Owner and publisher of the website www.uduma.fr<\/h3>\n<p>This site is published by the company <strong>UDUMA<\/strong><br \/>\n6, rue Lavoisier, 45140 INGRE \u2013 FRANCE<\/p>\n<p>A French soci\u00e9t\u00e9 par actions simplifi\u00e9e with share capital of \u20ac100,000<br \/>\nOrleans Trade and Companies Register<br \/>\nSIRET no. 815 141 635 00012<br \/>\nVAT no. FR 15 815 141 635<\/p>\n<p>Publication Manager: <strong>Thierry Barbotte<\/strong><\/p>\n<h3>Site design<\/h3>\n<p>This site was designed and developed by:<\/p>\n<ul>\n<li><a href=\"https:\/\/www.kalankaa.com\" target=\"_blank\" rel=\"noopener\">L\u2019Agence Kalankaa &#8211; Orl\u00e9ans<\/a> \u2013 02 38 82 14 16 \u2013\u00a0 Global Communication.<\/li>\n<\/ul>\n<h3>Hosting<\/h3>\n<p>This site is hosted by OVH, a French soci\u00e9t\u00e9 par actions simplifi\u00e9e with share capital of \u20ac500,000, located in Roubaix \u2013 Tourcoing Trade and Companies Register 424 761 419 00011<br \/>\nOnline publication date: <strong>20 May 2016<\/strong><\/p>\n<h3>Use of personal data<\/h3>\n<p>The purpose of the data collected is to enable information to be exchanged with visitors to the site. In accordance with the French data protection act [Loi relative \u00e0 l\u2019informatique et aux libert\u00e9s], the processing of personal data communicated via the site has been registered with the French information commissioner, the CNIL (Commission Nationale de l\u2019Informatique et des Libert\u00e9s).<\/p>\n<h3>Right of access<\/h3>\n<p>In accordance with the French data protection act of 6 January 1978 [Loi Informatique et Libert\u00e9s], you have the right to access and correct information held about you. If you wish to exercise this right and see what information we hold about you, please write to:<br \/>\n<strong>UDUMA<\/strong>, 6, rue Lavoisier, 45140 INGRE \u2013 FRANCE<\/p>\n<h3>Cookies<\/h3>\n<p>A cookie records information about your computer\u2019s navigation on this site for the purpose of statistical analysis. This information is retained in your computer for three years. You can prevent cookies from being stored on your computer by configuring your browser using the \u201ctools\u201d and \u201coptions\u201d menus.<\/p>\n<h3>Copyright<\/h3>\n<p>The whole of this site is covered by French and international legislation on copyright and intellectual property. All rights of reproduction are reserved for UDUMA, including for downloadable documents. UDUMA has acquired the rights to use the graphic elements and photos presented on this site. Photo credits: <strong>R\u00e9mi Duhamel<\/strong>. Any reuse of these graphic and photographic elements is strictly prohibited. The reproduction of any or all of the texts on this site on any medium whatsoever is strictly prohibited, unless expressly authorised by the publication manager.<\/p>\n<p>The name \u201cUDUMA\u201d is a registered trademark. Any fraudulent use will be treated as counterfeiting and is punishable as a criminal act as provided for in articles L.716-1 et seq. of the French Intellectual Property Code.<\/p>\n<h3>Liability<\/h3>\n<p>The publisher and authors of the website www.uduma.fr cannot be held liable for any errors or omissions in the information published or technical problems encountered on the site or on any other sites to which we provide links, or any interpretation of the information published on said sites, or the consequences of their use.<\/p>\n<p>[\/vc_column_text][\/vc_column][\/vc_row]<\/p>\n<\/div>","protected":false},"excerpt":{"rendered":"<p>[vc_row css=&#8221;.vc_custom_1462981332167{margin-bottom: 80px !important;}&#8221;][vc_column][vc_custom_heading text=&#8221;Legal notice UDUMA&#8221; font_container=&#8221;tag:h1|text_align:left|color:%23009036&#8243; google_fonts=&#8221;font_family:Michroma%3Aregular|font_style:400%20regular%3A400%3Anormal&#8221; css=&#8221;.vc_custom_1547632878226{margin-top: 36px !important;margin-bottom: 36px !important;}&#8221;][vc_column_text] Owner and publisher of the website www.uduma.fr This site is published&#8230;<\/p>\n","protected":false},"author":5,"featured_media":0,"parent":0,"menu_order":0,"comment_status":"closed","ping_status":"closed","template":"","meta":{"footnotes":""},"class_list":["post-18208","page","type-page","status-publish","hentry"],"yoast_head":"<!-- This site is optimized with the Yoast SEO plugin v25.8 - https:\/\/yoast.com\/wordpress\/plugins\/seo\/ -->\n<title>Legal notice, UDUMA website - Uduma<\/title>\n<meta name=\"robots\" content=\"index, follow, max-snippet:-1, max-image-preview:large, max-video-preview:-1\" \/>\n<link rel=\"canonical\" href=\"https:\/\/www.uduma.net\/en\/legal-notices-uduma-website\/\" \/>\n<meta name=\"twitter:card\" content=\"summary_large_image\" \/>\n<meta name=\"twitter:title\" content=\"Legal notice, UDUMA website - Uduma\" \/>\n<meta name=\"twitter:description\" content=\"[vc_row css=&#8221;.vc_custom_1462981332167{margin-bottom: 80px !important;}&#8221;][vc_column][vc_custom_heading text=&#8221;Legal notice UDUMA&#8221; font_container=&#8221;tag:h1|text_align:left|color:%23009036&#8243; google_fonts=&#8221;font_family:Michroma%3Aregular|font_style:400%20regular%3A400%3Anormal&#8221; css=&#8221;.vc_custom_1547632878226{margin-top: 36px !important;margin-bottom: 36px !important;}&#8221;][vc_column_text] Owner and publisher of the website www.uduma.fr This site is published...\" \/>\n<meta name=\"twitter:label1\" content=\"Est. reading time\" \/>\n\t<meta name=\"twitter:data1\" content=\"3 minutes\" \/>\n<script type=\"application\/ld+json\" class=\"yoast-schema-graph\">{\"@context\":\"https:\/\/schema.org\",\"@graph\":[{\"@type\":\"WebPage\",\"@id\":\"https:\/\/www.uduma.net\/en\/legal-notices-uduma-website\/\",\"url\":\"https:\/\/www.uduma.net\/en\/legal-notices-uduma-website\/\",\"name\":\"Legal notice, UDUMA website - Uduma\",\"isPartOf\":{\"@id\":\"https:\/\/www.uduma.net\/#website\"},\"datePublished\":\"2019-01-16T10:04:51+00:00\",\"dateModified\":\"2019-01-16T10:08:25+00:00\",\"breadcrumb\":{\"@id\":\"https:\/\/www.uduma.net\/en\/legal-notices-uduma-website\/#breadcrumb\"},\"inLanguage\":\"en-US\",\"potentialAction\":[{\"@type\":\"ReadAction\",\"target\":[\"https:\/\/www.uduma.net\/en\/legal-notices-uduma-website\/\"]}]},{\"@type\":\"BreadcrumbList\",\"@id\":\"https:\/\/www.uduma.net\/en\/legal-notices-uduma-website\/#breadcrumb\",\"itemListElement\":[{\"@type\":\"ListItem\",\"position\":1,\"name\":\"Accueil\",\"item\":\"https:\/\/www.uduma.net\/en\/\"},{\"@type\":\"ListItem\",\"position\":2,\"name\":\"Legal notice, UDUMA website\"}]},{\"@type\":\"WebSite\",\"@id\":\"https:\/\/www.uduma.net\/#website\",\"url\":\"https:\/\/www.uduma.net\/\",\"name\":\"Uduma\",\"description\":\"\",\"potentialAction\":[{\"@type\":\"SearchAction\",\"target\":{\"@type\":\"EntryPoint\",\"urlTemplate\":\"https:\/\/www.uduma.net\/?s={search_term_string}\"},\"query-input\":{\"@type\":\"PropertyValueSpecification\",\"valueRequired\":true,\"valueName\":\"search_term_string\"}}],\"inLanguage\":\"en-US\"}]}<\/script>\n<!-- \/ Yoast SEO plugin. -->","yoast_head_json":{"title":"Legal notice, UDUMA website - Uduma","robots":{"index":"index","follow":"follow","max-snippet":"max-snippet:-1","max-image-preview":"max-image-preview:large","max-video-preview":"max-video-preview:-1"},"canonical":"https:\/\/www.uduma.net\/en\/legal-notices-uduma-website\/","twitter_card":"summary_large_image","twitter_title":"Legal notice, UDUMA website - Uduma","twitter_description":"[vc_row css=&#8221;.vc_custom_1462981332167{margin-bottom: 80px !important;}&#8221;][vc_column][vc_custom_heading text=&#8221;Legal notice UDUMA&#8221; font_container=&#8221;tag:h1|text_align:left|color:%23009036&#8243; google_fonts=&#8221;font_family:Michroma%3Aregular|font_style:400%20regular%3A400%3Anormal&#8221; css=&#8221;.vc_custom_1547632878226{margin-top: 36px !important;margin-bottom: 36px !important;}&#8221;][vc_column_text] Owner and publisher of the website www.uduma.fr This site is published...","twitter_misc":{"Est. reading time":"3 minutes"},"schema":{"@context":"https:\/\/schema.org","@graph":[{"@type":"WebPage","@id":"https:\/\/www.uduma.net\/en\/legal-notices-uduma-website\/","url":"https:\/\/www.uduma.net\/en\/legal-notices-uduma-website\/","name":"Legal notice, UDUMA website - Uduma","isPartOf":{"@id":"https:\/\/www.uduma.net\/#website"},"datePublished":"2019-01-16T10:04:51+00:00","dateModified":"2019-01-16T10:08:25+00:00","breadcrumb":{"@id":"https:\/\/www.uduma.net\/en\/legal-notices-uduma-website\/#breadcrumb"},"inLanguage":"en-US","potentialAction":[{"@type":"ReadAction","target":["https:\/\/www.uduma.net\/en\/legal-notices-uduma-website\/"]}]},{"@type":"BreadcrumbList","@id":"https:\/\/www.uduma.net\/en\/legal-notices-uduma-website\/#breadcrumb","itemListElement":[{"@type":"ListItem","position":1,"name":"Accueil","item":"https:\/\/www.uduma.net\/en\/"},{"@type":"ListItem","position":2,"name":"Legal notice, UDUMA website"}]},{"@type":"WebSite","@id":"https:\/\/www.uduma.net\/#website","url":"https:\/\/www.uduma.net\/","name":"Uduma","description":"","potentialAction":[{"@type":"SearchAction","target":{"@type":"EntryPoint","urlTemplate":"https:\/\/www.uduma.net\/?s={search_term_string}"},"query-input":{"@type":"PropertyValueSpecification","valueRequired":true,"valueName":"search_term_string"}}],"inLanguage":"en-US"}]}},"_links":{"self":[{"href":"https:\/\/www.uduma.net\/en\/wp-json\/wp\/v2\/pages\/18208","targetHints":{"allow":["GET"]}}],"collection":[{"href":"https:\/\/www.uduma.net\/en\/wp-json\/wp\/v2\/pages"}],"about":[{"href":"https:\/\/www.uduma.net\/en\/wp-json\/wp\/v2\/types\/page"}],"author":[{"embeddable":true,"href":"https:\/\/www.uduma.net\/en\/wp-json\/wp\/v2\/users\/5"}],"replies":[{"embeddable":true,"href":"https:\/\/www.uduma.net\/en\/wp-json\/wp\/v2\/comments?post=18208"}],"version-history":[{"count":4,"href":"https:\/\/www.uduma.net\/en\/wp-json\/wp\/v2\/pages\/18208\/revisions"}],"predecessor-version":[{"id":18212,"href":"https:\/\/www.uduma.net\/en\/wp-json\/wp\/v2\/pages\/18208\/revisions\/18212"}],"wp:attachment":[{"href":"https:\/\/www.uduma.net\/en\/wp-json\/wp\/v2\/media?parent=18208"}],"curies":[{"name":"wp","href":"https:\/\/api.w.org\/{rel}","templated":true}]}}